{"id":4510,"date":"2019-03-20T12:53:01","date_gmt":"2019-03-20T12:53:01","guid":{"rendered":"https:\/\/www.provest.de\/?page_id=4510"},"modified":"2019-05-14T14:42:33","modified_gmt":"2019-05-14T14:42:33","slug":"insolvenz-2","status":"publish","type":"page","link":"https:\/\/www.provest.de\/?page_id=4510","title":{"rendered":"Insolvenz"},"content":{"rendered":"<p>[vc_row][vc_column width=&#8221;1\/2&#8243;][vc_empty_space height=&#8221;200px&#8221;][vc_single_image image=&#8221;4521&#8243; img_size=&#8221;large&#8221; alignment=&#8221;center&#8221;][\/vc_column][vc_column width=&#8221;1\/2&#8243;][vc_column_text css=&#8221;.vc_custom_1554403885413{margin-bottom: 30px !important;}&#8221;]<\/p>\n<h2>Mit dem R\u00fccken zur Wand<\/h2>\n<blockquote>\n<p style=\"margin: 0cm; margin-bottom: .0001pt; text-align: justify; vertical-align: baseline;\"><span style=\"font-size: 11.5pt; font-family: 'Arial',sans-serif;\">Wenn sich eine T\u00fcr schlie\u00dft, \u00f6ffnet sich eine Neue!<\/span><\/p>\n<\/blockquote>\n<p>[\/vc_column_text][vc_column_text css=&#8221;.vc_custom_1557843335189{margin-bottom: 20px !important;}&#8221;]M\u00fcssen Schuldner Privatinsolvenz anmelden und besitzen eine Eigentumswohnung, machen sie sich h\u00e4ufig Sorgen dar\u00fcber, ob sie ihre Immobilie verlieren k\u00f6nnten.<br \/>\nDieser Gedanke ist tats\u00e4chlich nicht unbegr\u00fcndet, denn der Treuh\u00e4nder wird s\u00e4mtliche Verm\u00f6genswerte zur Verwertung heranziehen, damit die Schulden beglichen werden k\u00f6nnen.<br \/>\nImmobilien genie\u00dfen hierbei keinen besonderen Schutz, sondern werden genauso verwertet wie z. B. ein Sparbuch oder eine Lebensversicherung.<\/p>\n<p>Ob bei der Privatinsolvenz auch die Eigentumswohnung zu Geld gemacht wird, um die Gl\u00e4ubiger zu befriedigen, h\u00e4ngt davon ab, ob sie als Verm\u00f6gen gewertet werden kann. Dies ist dann der Fall, wenn keine oder nur geringe Verbindlichkeiten auf ihr lasten.<\/p>\n<p>Die Zwangsversteigerung ist dann der letzte Weg mit ungewissem Ausgang. Der \u201efreih\u00e4ndige Verkauf\u201c ist dann die bessere L\u00f6sung, da Sie von vorneherein wissen, welchen Gewinn Sie erzielen. Noch wichtiger ist, dass Sie nicht Ihre gewohnte Umgebung verlassen m\u00fcssen, sondern in Ihrer Wohnung\/Ihrem Haus weiterhin wohnen k\u00f6nnen.[\/vc_column_text][\/vc_column][\/vc_row][vc_row][vc_column][heading title=&#8221;Grauzone&#8221; sub_title=&#8221;Sie m\u00fcssen noch auf mehr achten, als auf folgende Punkte&#8221;][\/vc_column][\/vc_row][vc_row][vc_column padding_size=&#8221;l-padding&#8221; el_class=&#8221;text-center&#8221;][heading title=&#8221;Kostenlose Immobilienbewertung&#8221; sub_title=&#8221;testen Sie es einfach und unverbindlich&#8221;][link_button title=&#8221;Gleich hier bewerten&#8221; icon=&#8221;fa fa-home&#8221; size=&#8221;large&#8221; link=&#8221;url:https%3A%2F%2Fwww.provest.de%2F%23eindeutiger-bezeichner|||&#8221;][\/vc_column][\/vc_row]<\/p>\n","protected":false},"excerpt":{"rendered":"<p>[vc_row][vc_column width=&#8221;1\/2&#8243;][vc_empty_space height=&#8221;200px&#8221;][vc_single_image image=&#8221;4521&#8243; img_size=&#8221;large&#8221; alignment=&#8221;center&#8221;][\/vc_column][vc_column width=&#8221;1\/2&#8243;][vc_column_text css=&#8221;.vc_custom_1554403885413{margin-bottom: 30px !important;}&#8221;] Mit dem R\u00fccken zur Wand Wenn sich eine T\u00fcr schlie\u00dft, \u00f6ffnet sich eine Neue! [\/vc_column_text][vc_column_text css=&#8221;.vc_custom_1557843335189{margin-bottom: 20px !important;}&#8221;]M\u00fcssen Schuldner Privatinsolvenz anmelden und besitzen eine Eigentumswohnung, machen sie sich h\u00e4ufig Sorgen dar\u00fcber, ob sie ihre Immobilie verlieren k\u00f6nnten. Dieser Gedanke ist tats\u00e4chlich nicht unbegr\u00fcndet, denn der [&hellip;]<\/p>\n","protected":false},"author":1,"featured_media":0,"parent":0,"menu_order":0,"comment_status":"open","ping_status":"closed","template":"full-width.php","meta":{"footnotes":""},"yoast_head":"<!-- This site is optimized with the Yoast SEO plugin v22.3 - https:\/\/yoast.com\/wordpress\/plugins\/seo\/ -->\n<title>Insolvenz - ProVest<\/title>\n<meta name=\"robots\" content=\"index, follow, max-snippet:-1, max-image-preview:large, max-video-preview:-1\" \/>\n<link rel=\"canonical\" href=\"https:\/\/www.provest.de\/?page_id=4510\" \/>\n<meta property=\"og:locale\" content=\"en_US\" \/>\n<meta property=\"og:type\" content=\"article\" \/>\n<meta property=\"og:title\" content=\"Insolvenz - ProVest\" \/>\n<meta property=\"og:description\" content=\"[vc_row][vc_column width=&#8221;1\/2&#8243;][vc_empty_space height=&#8221;200px&#8221;][vc_single_image image=&#8221;4521&#8243; img_size=&#8221;large&#8221; alignment=&#8221;center&#8221;][\/vc_column][vc_column width=&#8221;1\/2&#8243;][vc_column_text css=&#8221;.vc_custom_1554403885413{margin-bottom: 30px !important;}&#8221;] Mit dem R\u00fccken zur Wand Wenn sich eine T\u00fcr schlie\u00dft, \u00f6ffnet sich eine Neue! [\/vc_column_text][vc_column_text css=&#8221;.vc_custom_1557843335189{margin-bottom: 20px !important;}&#8221;]M\u00fcssen Schuldner Privatinsolvenz anmelden und besitzen eine Eigentumswohnung, machen sie sich h\u00e4ufig Sorgen dar\u00fcber, ob sie ihre Immobilie verlieren k\u00f6nnten. Dieser Gedanke ist tats\u00e4chlich nicht unbegr\u00fcndet, denn der [&hellip;]\" \/>\n<meta property=\"og:url\" content=\"https:\/\/www.provest.de\/?page_id=4510\" \/>\n<meta property=\"og:site_name\" content=\"ProVest\" \/>\n<meta property=\"article:modified_time\" content=\"2019-05-14T14:42:33+00:00\" \/>\n<meta name=\"twitter:card\" content=\"summary_large_image\" \/>\n<meta name=\"twitter:label1\" content=\"Est. reading time\" \/>\n\t<meta name=\"twitter:data1\" content=\"2 minutes\" \/>\n<script type=\"application\/ld+json\" class=\"yoast-schema-graph\">{\"@context\":\"https:\/\/schema.org\",\"@graph\":[{\"@type\":\"WebPage\",\"@id\":\"https:\/\/www.provest.de\/?page_id=4510\",\"url\":\"https:\/\/www.provest.de\/?page_id=4510\",\"name\":\"Insolvenz - ProVest\",\"isPartOf\":{\"@id\":\"https:\/\/www.provest.de\/#website\"},\"datePublished\":\"2019-03-20T12:53:01+00:00\",\"dateModified\":\"2019-05-14T14:42:33+00:00\",\"breadcrumb\":{\"@id\":\"https:\/\/www.provest.de\/?page_id=4510#breadcrumb\"},\"inLanguage\":\"en-US\",\"potentialAction\":[{\"@type\":\"ReadAction\",\"target\":[\"https:\/\/www.provest.de\/?page_id=4510\"]}]},{\"@type\":\"BreadcrumbList\",\"@id\":\"https:\/\/www.provest.de\/?page_id=4510#breadcrumb\",\"itemListElement\":[{\"@type\":\"ListItem\",\"position\":1,\"name\":\"Home\",\"item\":\"https:\/\/www.provest.de\/\"},{\"@type\":\"ListItem\",\"position\":2,\"name\":\"Insolvenz\"}]},{\"@type\":\"WebSite\",\"@id\":\"https:\/\/www.provest.de\/#website\",\"url\":\"https:\/\/www.provest.de\/\",\"name\":\"ProVest\",\"description\":\"kostenlose Immobilienbewertung mit schnellem Kaufangebot\",\"potentialAction\":[{\"@type\":\"SearchAction\",\"target\":{\"@type\":\"EntryPoint\",\"urlTemplate\":\"https:\/\/www.provest.de\/?s={search_term_string}\"},\"query-input\":\"required name=search_term_string\"}],\"inLanguage\":\"en-US\"}]}<\/script>\n<!-- \/ Yoast SEO plugin. -->","yoast_head_json":{"title":"Insolvenz - ProVest","robots":{"index":"index","follow":"follow","max-snippet":"max-snippet:-1","max-image-preview":"max-image-preview:large","max-video-preview":"max-video-preview:-1"},"canonical":"https:\/\/www.provest.de\/?page_id=4510","og_locale":"en_US","og_type":"article","og_title":"Insolvenz - ProVest","og_description":"[vc_row][vc_column width=&#8221;1\/2&#8243;][vc_empty_space height=&#8221;200px&#8221;][vc_single_image image=&#8221;4521&#8243; img_size=&#8221;large&#8221; alignment=&#8221;center&#8221;][\/vc_column][vc_column width=&#8221;1\/2&#8243;][vc_column_text css=&#8221;.vc_custom_1554403885413{margin-bottom: 30px !important;}&#8221;] Mit dem R\u00fccken zur Wand Wenn sich eine T\u00fcr schlie\u00dft, \u00f6ffnet sich eine Neue! [\/vc_column_text][vc_column_text css=&#8221;.vc_custom_1557843335189{margin-bottom: 20px !important;}&#8221;]M\u00fcssen Schuldner Privatinsolvenz anmelden und besitzen eine Eigentumswohnung, machen sie sich h\u00e4ufig Sorgen dar\u00fcber, ob sie ihre Immobilie verlieren k\u00f6nnten. Dieser Gedanke ist tats\u00e4chlich nicht unbegr\u00fcndet, denn der [&hellip;]","og_url":"https:\/\/www.provest.de\/?page_id=4510","og_site_name":"ProVest","article_modified_time":"2019-05-14T14:42:33+00:00","twitter_card":"summary_large_image","twitter_misc":{"Est. reading time":"2 minutes"},"schema":{"@context":"https:\/\/schema.org","@graph":[{"@type":"WebPage","@id":"https:\/\/www.provest.de\/?page_id=4510","url":"https:\/\/www.provest.de\/?page_id=4510","name":"Insolvenz - ProVest","isPartOf":{"@id":"https:\/\/www.provest.de\/#website"},"datePublished":"2019-03-20T12:53:01+00:00","dateModified":"2019-05-14T14:42:33+00:00","breadcrumb":{"@id":"https:\/\/www.provest.de\/?page_id=4510#breadcrumb"},"inLanguage":"en-US","potentialAction":[{"@type":"ReadAction","target":["https:\/\/www.provest.de\/?page_id=4510"]}]},{"@type":"BreadcrumbList","@id":"https:\/\/www.provest.de\/?page_id=4510#breadcrumb","itemListElement":[{"@type":"ListItem","position":1,"name":"Home","item":"https:\/\/www.provest.de\/"},{"@type":"ListItem","position":2,"name":"Insolvenz"}]},{"@type":"WebSite","@id":"https:\/\/www.provest.de\/#website","url":"https:\/\/www.provest.de\/","name":"ProVest","description":"kostenlose Immobilienbewertung mit schnellem Kaufangebot","potentialAction":[{"@type":"SearchAction","target":{"@type":"EntryPoint","urlTemplate":"https:\/\/www.provest.de\/?s={search_term_string}"},"query-input":"required name=search_term_string"}],"inLanguage":"en-US"}]}},"_links":{"self":[{"href":"https:\/\/www.provest.de\/index.php?rest_route=\/wp\/v2\/pages\/4510"}],"collection":[{"href":"https:\/\/www.provest.de\/index.php?rest_route=\/wp\/v2\/pages"}],"about":[{"href":"https:\/\/www.provest.de\/index.php?rest_route=\/wp\/v2\/types\/page"}],"author":[{"embeddable":true,"href":"https:\/\/www.provest.de\/index.php?rest_route=\/wp\/v2\/users\/1"}],"replies":[{"embeddable":true,"href":"https:\/\/www.provest.de\/index.php?rest_route=%2Fwp%2Fv2%2Fcomments&post=4510"}],"version-history":[{"count":7,"href":"https:\/\/www.provest.de\/index.php?rest_route=\/wp\/v2\/pages\/4510\/revisions"}],"predecessor-version":[{"id":4649,"href":"https:\/\/www.provest.de\/index.php?rest_route=\/wp\/v2\/pages\/4510\/revisions\/4649"}],"wp:attachment":[{"href":"https:\/\/www.provest.de\/index.php?rest_route=%2Fwp%2Fv2%2Fmedia&parent=4510"}],"curies":[{"name":"wp","href":"https:\/\/api.w.org\/{rel}","templated":true}]}}