{"id":449,"date":"2014-09-28T09:22:23","date_gmt":"2014-09-28T09:22:23","guid":{"rendered":"http:\/\/demo.wydethemes.com\/vela1\/?page_id=449"},"modified":"2019-03-28T14:19:46","modified_gmt":"2019-03-28T14:19:46","slug":"our-services","status":"publish","type":"page","link":"https:\/\/www.provest.de\/?page_id=449","title":{"rendered":"Service"},"content":{"rendered":"<p>[vc_row css=&#8221;.vc_custom_1416287924851{padding-bottom: 0px !important;background-color: #ffffff !important;}&#8221;][vc_column][vc_separator][vc_column_text]<\/p>\n<h2 style=\"text-align: center;\">Property <span class=\"highlight\" data-animation=\"zoomIn\">Investment<\/span><\/h2>\n<p>[\/vc_column_text][vc_column_text]Das Alleinstellungsmerkmal von ProVest und somit Ihr Vorteil ist, dass wir unser Gesch\u00e4ftsmodell an die heutigen Herausforderungen angepasst haben.<\/p>\n<p>Unser Auftrag bedeutet Exzellenz und wir geben uns nicht mit dem Standard zufrieden. Wir wissen, wie wertvoll nicht nur Ihre Immobilie, sondern auch Ihr Auftrag und das damit verbundene Vertrauen ist.<\/p>\n<p>Wir legen gro\u00dfen Wert auf eine gute Beziehung, jetzt und in Zukunft.<br \/>\nSparen wir uns die abgedroschenen Superlative der standardisierten Makler, denn ProVest sieht sich nicht als ein Maklerb\u00fcro das &#8220;Profit&#8221; als Motivation begr\u00fcndet, sondern unsere Botschaft ist ganz klar:<\/p>\n<p>Fairer Kauf von Mensch zu Mensch.[\/vc_column_text][vc_empty_space height=&#8221;30px&#8221;][\/vc_column][\/vc_row][vc_row el_class=&#8221;onehalf-divider&#8221; css=&#8221;.vc_custom_1417846178431{padding-top: 0px !important;background-color: #ffffff !important;}&#8221;][vc_column width=&#8221;1\/2&#8243;][info_box title=&#8221;ERFOLGREICHER VERKAUF&#8221; icon=&#8221;fa fa-trophy&#8221; icon_size=&#8221;medium&#8221; icon_position=&#8221;right&#8221;]Kostenlose Bewertung &amp; Kaufangebot[\/info_box][\/vc_column][vc_column width=&#8221;1\/2&#8243;][info_box title=&#8221;BEI BEDARF WOHNRECHT&#8221; icon=&#8221;fa fa-child&#8221; icon_size=&#8221;medium&#8221; icon_position=&#8221;left&#8221;]Wir kaufen Ihre Immobilie und Sie bleiben in Ihrer gewohnten Umgebung wohnen[\/info_box][\/vc_column][vc_column width=&#8221;1\/2&#8243;][info_box title=&#8221;ANGEBOT IN 48H&#8221; icon=&#8221;fa fa-clock-o&#8221; icon_size=&#8221;medium&#8221; icon_position=&#8221;right&#8221;]Sie erhalten ein schnelles Angebot innerhalb 48h[\/info_box][\/vc_column][vc_column width=&#8221;1\/2&#8243;][info_box title=&#8221;TOP PREISE&#8221; icon=&#8221;fa fa-line-chart&#8221; icon_size=&#8221;medium&#8221; icon_position=&#8221;left&#8221;]Keine Provision \u2013 keine Maklercourtage[\/info_box][\/vc_column][vc_column width=&#8221;1\/2&#8243;][info_box title=&#8221;KURZE ABWICKLUNGSZEIT&#8221; icon=&#8221;fa fa-rocket&#8221; icon_size=&#8221;medium&#8221; icon_position=&#8221;right&#8221;]Vom Erstkontakt bis zum Notartermin in nur 3 Wochen[\/info_box][\/vc_column][vc_column width=&#8221;1\/2&#8243;][info_box title=&#8221;PERS\u00d6NLICHER KONTAKT&#8221; icon=&#8221;fa fa-smile-o&#8221; icon_size=&#8221;medium&#8221; icon_position=&#8221;left&#8221;]Von Mensch zu Mensch, fair und transparent[\/info_box][\/vc_column][\/vc_row][vc_row full_width=&#8221;true&#8221; parallax=&#8221;true&#8221; background_overlay=&#8221;color&#8221; padding_size=&#8221;no-padding&#8221; css=&#8221;.vc_custom_1440341609413{background: #f5f5f5 url(http:\/\/wydethemes.com\/vela1\/wp-content\/uploads\/2014\/09\/picture-010.jpg?id=3079);background-position: center;background-repeat: no-repeat !important;background-size: cover !important;}&#8221; overlay_color=&#8221;#ffffff&#8221;][vc_column offset=&#8221;vc_col-lg-6 vc_col-md-12&#8243;][vc_empty_space][vc_single_image image=&#8221;4580&#8243; img_size=&#8221;medium&#8221; alignment=&#8221;center&#8221;][\/vc_column][vc_column offset=&#8221;vc_col-lg-offset-0 vc_col-lg-6 vc_col-md-12 vc_col-sm-offset-2 vc_col-xs-offset-1&#8243;][vc_empty_space height=&#8221;90px&#8221;][vc_column_text]<\/p>\n<h2>Top Preise, gute Beziehung, schneller und fairer Kauf: <span class=\"highlight\">ProVest &#8211; Ihr Vorteil<\/span><\/h2>\n<p>[\/vc_column_text][vc_column_text css=&#8221;.vc_custom_1553097414919{margin-bottom: 20px !important;}&#8221;]<\/p>\n<p style=\"font-size: 24px; line-height: 32px; font-family: Merriweather Sans; width: 70%;\"><em>Wir haben unser Gesch\u00e4ftsmodell den heutigen Anforderungen angepasst und legen zus\u00e4tzlich gro\u00dfen Wert auf einen fairen und menschlichen Umgang.<\/em><\/p>\n<p>[\/vc_column_text][vc_column_text css=&#8221;.vc_custom_1553771509720{margin-bottom: 20px !important;}&#8221;][\/vc_column_text][\/vc_column][\/vc_row][vc_row parallax=&#8221;true&#8221; background_overlay=&#8221;color&#8221; mask=&#8221;bottom&#8221; mask_style=&#8221;60&#8243; css=&#8221;.vc_custom_1553097697862{padding-top: 120px !important;padding-bottom: 120px !important;background-image: url(https:\/\/www.provest.de\/wp-content\/uploads\/2019\/03\/Karriere.jpg?id=4380) !important;}&#8221; overlay_color=&#8221;#21242a&#8221; mask_color=&#8221;#f6f6f6&#8243;][vc_column][vc_empty_space height=&#8221;30px&#8221;][vc_column_text css=&#8221;.vc_custom_1553771681279{margin-bottom: 20px !important;}&#8221;]<\/p>\n<p style=\"font-size: 34px; line-height: 46px; font-family: Merriweather Sans; text-align: center;\"><span style=\"color: #ffffff;\"><em>&#8220;Eine Symbiose aus Professionalit\u00e4t und guter Beziehung&#8221;<\/em><\/span><\/p>\n<p>[\/vc_column_text][vc_empty_space height=&#8221;30px&#8221;][\/vc_column][\/vc_row][vc_row background_overlay=&#8221;color&#8221; padding_size=&#8221;l-padding&#8221; overlay_color=&#8221;#f5f5f5&#8243; css=&#8221;.vc_custom_1440343194350{padding-bottom: 0px !important;background-image: url(http:\/\/wydethemes.com\/vela1\/wp-content\/uploads\/2014\/09\/picture-014.gif?id=4327) !important;}&#8221;][vc_column width=&#8221;2\/3&#8243;][vc_custom_heading text=&#8221;Was uns antreibt:&#8221; font_container=&#8221;tag:h2|text_align:center|color:%239E1936&#8243; google_fonts=&#8221;font_family:Oswald%3A300%2Cregular%2C700|font_style:400%20regular%3A400%3Anormal&#8221; css=&#8221;.vc_custom_1553782573319{margin-bottom: 20px !important;}&#8221;][vc_column_text]<\/p>\n<p style=\"text-align: center;\">Bei allem, was wir tun,<br \/>\nfordern wir die Normalit\u00e4t heraus<br \/>\nund wagen uns, Dinge anders zu sehen.<br \/>\nWir glauben an unsere Erfahrung,<br \/>\nkreative Ideen und Expertenwissen.<br \/>\nHerz, Verstand, Liebe, Fachkompetenz und Mut,<br \/>\nveranlassen uns dazu, f\u00fcr wertvolle Menschen,<br \/>\nwie Sie, h\u00f6chste Performance zu bieten.<br \/>\nMenschen sind uns wichtig!<br \/>\nUns ist sehr an einer sogenannten &#8220;Win-Win&#8221; Situation gelegen,<br \/>\ndenn Weiterempfehlung ist die beste Werbung.<\/p>\n<p>[\/vc_column_text][\/vc_column][vc_column width=&#8221;1\/3&#8243;][vc_empty_space][vc_single_image image=&#8221;4608&#8243; img_size=&#8221;full&#8221; alignment=&#8221;center&#8221;][\/vc_column][\/vc_row]<\/p>\n","protected":false},"excerpt":{"rendered":"<p>[vc_row css=&#8221;.vc_custom_1416287924851{padding-bottom: 0px !important;background-color: #ffffff !important;}&#8221;][vc_column][vc_separator][vc_column_text] Property Investment [\/vc_column_text][vc_column_text]Das Alleinstellungsmerkmal von ProVest und somit Ihr Vorteil ist, dass wir unser Gesch\u00e4ftsmodell an die heutigen Herausforderungen angepasst haben. Unser Auftrag bedeutet Exzellenz und wir geben uns nicht mit dem Standard zufrieden. Wir wissen, wie wertvoll nicht nur Ihre Immobilie, sondern auch Ihr Auftrag und das damit [&hellip;]<\/p>\n","protected":false},"author":1,"featured_media":0,"parent":0,"menu_order":0,"comment_status":"open","ping_status":"open","template":"full-width.php","meta":{"footnotes":""},"yoast_head":"<!-- This site is optimized with the Yoast SEO plugin v22.3 - https:\/\/yoast.com\/wordpress\/plugins\/seo\/ -->\n<title>Service - ProVest<\/title>\n<meta name=\"robots\" content=\"index, follow, max-snippet:-1, max-image-preview:large, max-video-preview:-1\" \/>\n<link rel=\"canonical\" href=\"https:\/\/www.provest.de\/?page_id=449\" \/>\n<meta property=\"og:locale\" content=\"en_US\" \/>\n<meta property=\"og:type\" content=\"article\" \/>\n<meta property=\"og:title\" content=\"Service - ProVest\" \/>\n<meta property=\"og:description\" content=\"[vc_row css=&#8221;.vc_custom_1416287924851{padding-bottom: 0px !important;background-color: #ffffff !important;}&#8221;][vc_column][vc_separator][vc_column_text] Property Investment [\/vc_column_text][vc_column_text]Das Alleinstellungsmerkmal von ProVest und somit Ihr Vorteil ist, dass wir unser Gesch\u00e4ftsmodell an die heutigen Herausforderungen angepasst haben. Unser Auftrag bedeutet Exzellenz und wir geben uns nicht mit dem Standard zufrieden. Wir wissen, wie wertvoll nicht nur Ihre Immobilie, sondern auch Ihr Auftrag und das damit [&hellip;]\" \/>\n<meta property=\"og:url\" content=\"https:\/\/www.provest.de\/?page_id=449\" \/>\n<meta property=\"og:site_name\" content=\"ProVest\" \/>\n<meta property=\"article:modified_time\" content=\"2019-03-28T14:19:46+00:00\" \/>\n<meta name=\"twitter:card\" content=\"summary_large_image\" \/>\n<meta name=\"twitter:label1\" content=\"Est. reading time\" \/>\n\t<meta name=\"twitter:data1\" content=\"4 minutes\" \/>\n<script type=\"application\/ld+json\" class=\"yoast-schema-graph\">{\"@context\":\"https:\/\/schema.org\",\"@graph\":[{\"@type\":\"WebPage\",\"@id\":\"https:\/\/www.provest.de\/?page_id=449\",\"url\":\"https:\/\/www.provest.de\/?page_id=449\",\"name\":\"Service - ProVest\",\"isPartOf\":{\"@id\":\"https:\/\/www.provest.de\/#website\"},\"datePublished\":\"2014-09-28T09:22:23+00:00\",\"dateModified\":\"2019-03-28T14:19:46+00:00\",\"breadcrumb\":{\"@id\":\"https:\/\/www.provest.de\/?page_id=449#breadcrumb\"},\"inLanguage\":\"en-US\",\"potentialAction\":[{\"@type\":\"ReadAction\",\"target\":[\"https:\/\/www.provest.de\/?page_id=449\"]}]},{\"@type\":\"BreadcrumbList\",\"@id\":\"https:\/\/www.provest.de\/?page_id=449#breadcrumb\",\"itemListElement\":[{\"@type\":\"ListItem\",\"position\":1,\"name\":\"Home\",\"item\":\"https:\/\/www.provest.de\/\"},{\"@type\":\"ListItem\",\"position\":2,\"name\":\"Service\"}]},{\"@type\":\"WebSite\",\"@id\":\"https:\/\/www.provest.de\/#website\",\"url\":\"https:\/\/www.provest.de\/\",\"name\":\"ProVest\",\"description\":\"kostenlose Immobilienbewertung mit schnellem Kaufangebot\",\"potentialAction\":[{\"@type\":\"SearchAction\",\"target\":{\"@type\":\"EntryPoint\",\"urlTemplate\":\"https:\/\/www.provest.de\/?s={search_term_string}\"},\"query-input\":\"required name=search_term_string\"}],\"inLanguage\":\"en-US\"}]}<\/script>\n<!-- \/ Yoast SEO plugin. -->","yoast_head_json":{"title":"Service - ProVest","robots":{"index":"index","follow":"follow","max-snippet":"max-snippet:-1","max-image-preview":"max-image-preview:large","max-video-preview":"max-video-preview:-1"},"canonical":"https:\/\/www.provest.de\/?page_id=449","og_locale":"en_US","og_type":"article","og_title":"Service - ProVest","og_description":"[vc_row css=&#8221;.vc_custom_1416287924851{padding-bottom: 0px !important;background-color: #ffffff !important;}&#8221;][vc_column][vc_separator][vc_column_text] Property Investment [\/vc_column_text][vc_column_text]Das Alleinstellungsmerkmal von ProVest und somit Ihr Vorteil ist, dass wir unser Gesch\u00e4ftsmodell an die heutigen Herausforderungen angepasst haben. Unser Auftrag bedeutet Exzellenz und wir geben uns nicht mit dem Standard zufrieden. Wir wissen, wie wertvoll nicht nur Ihre Immobilie, sondern auch Ihr Auftrag und das damit [&hellip;]","og_url":"https:\/\/www.provest.de\/?page_id=449","og_site_name":"ProVest","article_modified_time":"2019-03-28T14:19:46+00:00","twitter_card":"summary_large_image","twitter_misc":{"Est. reading time":"4 minutes"},"schema":{"@context":"https:\/\/schema.org","@graph":[{"@type":"WebPage","@id":"https:\/\/www.provest.de\/?page_id=449","url":"https:\/\/www.provest.de\/?page_id=449","name":"Service - ProVest","isPartOf":{"@id":"https:\/\/www.provest.de\/#website"},"datePublished":"2014-09-28T09:22:23+00:00","dateModified":"2019-03-28T14:19:46+00:00","breadcrumb":{"@id":"https:\/\/www.provest.de\/?page_id=449#breadcrumb"},"inLanguage":"en-US","potentialAction":[{"@type":"ReadAction","target":["https:\/\/www.provest.de\/?page_id=449"]}]},{"@type":"BreadcrumbList","@id":"https:\/\/www.provest.de\/?page_id=449#breadcrumb","itemListElement":[{"@type":"ListItem","position":1,"name":"Home","item":"https:\/\/www.provest.de\/"},{"@type":"ListItem","position":2,"name":"Service"}]},{"@type":"WebSite","@id":"https:\/\/www.provest.de\/#website","url":"https:\/\/www.provest.de\/","name":"ProVest","description":"kostenlose Immobilienbewertung mit schnellem Kaufangebot","potentialAction":[{"@type":"SearchAction","target":{"@type":"EntryPoint","urlTemplate":"https:\/\/www.provest.de\/?s={search_term_string}"},"query-input":"required name=search_term_string"}],"inLanguage":"en-US"}]}},"_links":{"self":[{"href":"https:\/\/www.provest.de\/index.php?rest_route=\/wp\/v2\/pages\/449"}],"collection":[{"href":"https:\/\/www.provest.de\/index.php?rest_route=\/wp\/v2\/pages"}],"about":[{"href":"https:\/\/www.provest.de\/index.php?rest_route=\/wp\/v2\/types\/page"}],"author":[{"embeddable":true,"href":"https:\/\/www.provest.de\/index.php?rest_route=\/wp\/v2\/users\/1"}],"replies":[{"embeddable":true,"href":"https:\/\/www.provest.de\/index.php?rest_route=%2Fwp%2Fv2%2Fcomments&post=449"}],"version-history":[{"count":21,"href":"https:\/\/www.provest.de\/index.php?rest_route=\/wp\/v2\/pages\/449\/revisions"}],"predecessor-version":[{"id":4531,"href":"https:\/\/www.provest.de\/index.php?rest_route=\/wp\/v2\/pages\/449\/revisions\/4531"}],"wp:attachment":[{"href":"https:\/\/www.provest.de\/index.php?rest_route=%2Fwp%2Fv2%2Fmedia&parent=449"}],"curies":[{"name":"wp","href":"https:\/\/api.w.org\/{rel}","templated":true}]}}